{"id":26774,"date":"2021-10-08T18:57:00","date_gmt":"2021-10-08T11:57:00","guid":{"rendered":"https:\/\/onepiece.store\/?page_id=26774"},"modified":"2021-10-08T18:57:00","modified_gmt":"2021-10-08T11:57:00","slug":"about-us","status":"publish","type":"page","link":"https:\/\/onepiece.store\/de\/uber-uns\/","title":{"rendered":"\u00dcber uns"},"content":{"rendered":"<p><span style=\"color: #000000;\"><span style=\"font-weight: 400;\">Hier, um <\/span><strong>EIN ST\u00dcCK STORE<\/strong><span style=\"font-weight: 400;\">, wir sind besessen davon, Dinge zu erschaffen, von denen SIE besessen sind. Wir sind der perfekte Ort, um Kleidung und Merchandising-Artikel nach Ihren Favoriten zu finden <strong>EIN ST\u00dcCK STORE<\/strong><\/span><\/span><\/p>\n<p><span style=\"font-weight: 400; color: #000000;\">Aber wir sind nicht wie jeder andere Laden da drau\u00dfen. Wir k\u00fcmmern uns auch um den Kern unseres Gesch\u00e4fts: die Fans. Wir glauben, dass uns die Verbindung mit den Fans noch mehr Ideen gibt, die wir nutzen k\u00f6nnen, um noch erstaunlichere Artikel zu kreieren, die jeder lieben wird. <\/span><\/p>\n<p><span style=\"color: #000000;\"><b>Plus \u2013 dies stellt sicher, dass jedes einzelne Produkt in unserem Shop nirgendwo anders in diesem Universum zu finden ist!<\/b><\/span><\/p>\n<p><span style=\"color: #000000;\"><span style=\"font-weight: 400;\"><strong>EIN ST\u00dcCK STORE<\/strong> ist sowohl eine Community als auch ein Stand, um langweiliger Kleidung und Heimdekoration ein Ende zu bereiten. Unsere Mission ist es, Ihre Kleidung und Kunst zu Hause zum Leben zu erwecken, so wie diese Shows, Filme und Spiele Ihren Alltag zum Leben erwecken. <\/span><\/span><\/p>\n<p><span style=\"font-weight: 400; color: #000000;\">Egal, ob Sie f\u00fcr sich selbst oder f\u00fcr einen geliebten Menschen einkaufen, Sie k\u00f6nnen sicher sein, dass wir die richtige Marke f\u00fcr Sie sind. Sie erhalten nicht nur coole Drucke \u2013 Sie erhalten auch einen exzellenten Kundenservice und eine hochwertige Fertigung\u2026 jedes Mal aufs Neue.<\/span><\/p>\n<p><span style=\"color: #000000;\"><em><span style=\"font-weight: 400;\">Viel Spa\u00df beim Einkaufen!<\/span><\/em><\/span><\/p>","protected":false},"excerpt":{"rendered":"<p>Here at ONE PIECE STORE, we&#8217;re obsessed in creating things that YOU are obsessed with. We&#8217;re the perfect place to find apparel and merch based on your favorite ONE PIECE STORE But we&#8217;re not just like every other store out there. We also care about the core of our business: the Fans. We believe that [&hellip;]<\/p>","protected":false},"author":1,"featured_media":0,"parent":0,"menu_order":0,"comment_status":"closed","ping_status":"closed","template":"","meta":{"_acf_changed":false,"footnotes":""},"class_list":null,"acf":[],"_links":{"self":[{"href":"https:\/\/onepiece.store\/de\/wp-json\/wp\/v2\/pages\/26774","targetHints":{"allow":["GET"]}}],"collection":[{"href":"https:\/\/onepiece.store\/de\/wp-json\/wp\/v2\/pages"}],"about":[{"href":"https:\/\/onepiece.store\/de\/wp-json\/wp\/v2\/types\/page"}],"author":[{"embeddable":true,"href":"https:\/\/onepiece.store\/de\/wp-json\/wp\/v2\/users\/1"}],"replies":[{"embeddable":true,"href":"https:\/\/onepiece.store\/de\/wp-json\/wp\/v2\/comments?post=26774"}],"version-history":[{"count":0,"href":"https:\/\/onepiece.store\/de\/wp-json\/wp\/v2\/pages\/26774\/revisions"}],"wp:attachment":[{"href":"https:\/\/onepiece.store\/de\/wp-json\/wp\/v2\/media?parent=26774"}],"curies":[{"name":"wp","href":"https:\/\/api.w.org\/{rel}","templated":true}]}}