{"id":26779,"date":"2021-10-08T18:51:09","date_gmt":"2021-10-08T11:51:09","guid":{"rendered":"https:\/\/onepiece.store\/?page_id=26779"},"modified":"2026-04-10T15:12:28","modified_gmt":"2026-04-10T08:12:28","slug":"payment-terms","status":"publish","type":"page","link":"https:\/\/onepiece.store\/de\/payment-terms\/","title":{"rendered":"Zahlungsbedingungen"},"content":{"rendered":"<ol>\n<li><b>Bezahlen Sie mit Kredit-\/Debitkarte<\/b><\/li>\n<\/ol>\n<p><span style=\"font-weight: 400;\">Die verf\u00fcgbaren Kredit-\/Debitkartenoptionen sind unten aufgef\u00fchrt.<\/span><\/p>\n<p><img decoding=\"async\" class=\"alignnone wp-image-25254\" src=\"https:\/\/onepiece.store\/wp-content\/uploads\/2021\/10\/Pay-with-Credit-Debit-Card-1024x104.jpg\" alt=\"-\" width=\"679\" height=\"69\" title=\"-\"><\/p>\n<p><span style=\"font-weight: 400;\">Diese Transaktion ist stark gesichert und verschl\u00fcsselt durch <\/span><a href=\"https:\/\/stripe.com\/\" rel=\"nofollow noopener\" target=\"_blank\"><span style=\"font-weight: 400;\">Streifen<\/span><\/a><span style=\"font-weight: 400;\">.<\/span><\/p>\n<p><span style=\"font-weight: 400;\">Bitte beachte, dass <\/span><strong>EIN ST\u00dcCK STORE <\/strong><span style=\"font-weight: 400;\">erfasst nicht Ihre Kredit-\/Debitkartennummer oder pers\u00f6nliche Informationen, wenn Sie eine Zahlung vornehmen. Wenden Sie sich bei Fragen zu Ihren Transaktionen auf unserer Website bitte an Ihre kartenausgebende Bank.<\/span><\/p>\n<p><span style=\"font-weight: 400;\">Sie verwenden Apple Pay auch, wenn Sie Apple-Ger\u00e4te verwenden.<\/span><\/p>\n<ol start=\"2\">\n<li><b>Zahlen Sie mit PayPal<\/b><\/li>\n<\/ol>\n<p><img fetchpriority=\"high\" decoding=\"async\" class=\"alignnone wp-image-25257\" src=\"https:\/\/onepiece.store\/wp-content\/uploads\/2021\/10\/pay-with-paypal.png\" alt=\"-\" width=\"368\" height=\"143\" title=\"-\"><\/p>\n<p><span style=\"font-weight: 400;\">Wenn Sie eine Bestellung bei PayPal aufgeben, werden Sie auf die PayPal-Zahlungsseite weitergeleitet, wo Sie Ihre Zahlung best\u00e4tigen k\u00f6nnen, indem Sie sich mit Ihrem PayPal-Benutzernamen und Passwort anmelden.<\/span><\/p>\n<p><span style=\"font-weight: 400;\">Sie k\u00f6nnen auch ohne PayPal-Konto zur Kasse gehen. Klicken Sie dazu auf der PayPal-Zahlungsseite auf \u201eMit Debit-\/Kreditkarte bezahlen\u201c und Sie werden auf eine sichere Seite weitergeleitet, auf der Sie Ihre Kreditkarteninformationen eingeben oder Ihre Zahlung sicher \u00fcber PayPal abschlie\u00dfen k\u00f6nnen.<\/span><\/p>\n<ol start=\"3\">\n<li><b>Apply \u201cCoupon Codes\u201d and \u201cBonus Points\u201d<\/b><\/li>\n<\/ol>\n<p><span style=\"font-weight: 400;\">You can apply coupon codes and bonus points to your order at checkout. Once you\u2019ve entered your coupon code and bonus points, click \u201cAPPLY\u201d and your order total will update to reflect the discount amount. Please note that if you do not click \u201cAPPLY\u201d before continuing to checkout, the coupon code and bonus points you entered will not be applied.<\/span><\/p>\n<p><em><strong>NOTES:<\/strong><\/em><\/p>\n<p><span style=\"font-weight: 400;\">Please be sure that you correctly enter the coupon code, with no spaces before, within, or after it.<\/span><span style=\"font-weight: 400;\">Coupons cannot be combined. You can only apply one coupon code per order.<\/span><\/p>\n<p><span style=\"font-weight: 400;\">Apply the coupon before its expiration date \u2013 the expiration date will be clearly indicated when the coupon is issued to you.<\/span><\/p>\n<p><span style=\"font-weight: 400;\">Coupons may require a minimum purchase.<\/span><\/p>\n<p><span style=\"font-weight: 400;\">Some coupons apply only to specific products or exclude specified products.<\/span><\/p>\n<p><span style=\"font-weight: 400;\">A coupon can only be applied once.<\/span><\/p>","protected":false},"excerpt":{"rendered":"<p>Pay with Credit\/Debit Card The available credit\/debit card options are listed below. This transaction is strongly secured and encrypted by Stripe. Please note that ONE PIECE STORE does not collect your credit\/debit card number or personal information when you make a payment. For questions regarding your transactions on our site, please consult your card-issuing bank [&hellip;]<\/p>","protected":false},"author":1,"featured_media":0,"parent":0,"menu_order":0,"comment_status":"closed","ping_status":"closed","template":"","meta":{"_acf_changed":false,"footnotes":""},"class_list":null,"acf":[],"_links":{"self":[{"href":"https:\/\/onepiece.store\/de\/wp-json\/wp\/v2\/pages\/26779","targetHints":{"allow":["GET"]}}],"collection":[{"href":"https:\/\/onepiece.store\/de\/wp-json\/wp\/v2\/pages"}],"about":[{"href":"https:\/\/onepiece.store\/de\/wp-json\/wp\/v2\/types\/page"}],"author":[{"embeddable":true,"href":"https:\/\/onepiece.store\/de\/wp-json\/wp\/v2\/users\/1"}],"replies":[{"embeddable":true,"href":"https:\/\/onepiece.store\/de\/wp-json\/wp\/v2\/comments?post=26779"}],"version-history":[{"count":0,"href":"https:\/\/onepiece.store\/de\/wp-json\/wp\/v2\/pages\/26779\/revisions"}],"wp:attachment":[{"href":"https:\/\/onepiece.store\/de\/wp-json\/wp\/v2\/media?parent=26779"}],"curies":[{"name":"wp","href":"https:\/\/api.w.org\/{rel}","templated":true}]}}