{"id":26774,"date":"2021-10-08T18:57:00","date_gmt":"2021-10-08T11:57:00","guid":{"rendered":"https:\/\/onepiece.store\/?page_id=26774"},"modified":"2021-10-08T18:57:00","modified_gmt":"2021-10-08T11:57:00","slug":"about-us","status":"publish","type":"page","link":"https:\/\/onepiece.store\/es\/sobre-nosotros\/","title":{"rendered":"Sobre nosotros"},"content":{"rendered":"<p><span style=\"color: #000000;\"><span style=\"font-weight: 400;\">Aqu\u00ed en <\/span><strong>TIENDA DE UNA PIEZA<\/strong><span style=\"font-weight: 400;\">, estamos obsesionados en crear cosas con las que T\u00da est\u00e1s obsesionado. Somos el lugar perfecto para encontrar prendas y productos basados en tu favorito <strong>TIENDA DE UNA PIEZA<\/strong><\/span><\/span><\/p>\n<p><span style=\"font-weight: 400; color: #000000;\">Pero no somos como cualquier otra tienda por ah\u00ed. Tambi\u00e9n nos preocupamos por el n\u00facleo de nuestro negocio: los Fans. Creemos que conectarnos con los fan\u00e1ticos nos brinda a\u00fan m\u00e1s ideas que podemos usar para crear art\u00edculos a\u00fan m\u00e1s sorprendentes que a todos les encantar\u00e1n. <\/span><\/p>\n<p><span style=\"color: #000000;\"><b>Adem\u00e1s, \u00a1esto garantiza que todos los productos de nuestra tienda no se puedan encontrar en ning\u00fan otro lugar de este universo!<\/b><\/span><\/p>\n<p><span style=\"color: #000000;\"><span style=\"font-weight: 400;\"><strong>TIENDA DE UNA PIEZA<\/strong> es una comunidad, as\u00ed como un stand para poner fin a la ropa aburrida y las decoraciones del hogar. Nuestra misi\u00f3n es dar vida a su ropa y arte en el hogar, al igual que estos espect\u00e1culos, pel\u00edculas y juegos dan vida a su existencia cotidiana. <\/span><\/span><\/p>\n<p><span style=\"font-weight: 400; color: #000000;\">Ya sea que est\u00e9 comprando para usted o para un ser querido, puede estar seguro de que somos la marca adecuada para usted. No solo obtiene impresiones geniales, sino que tambi\u00e9n obtiene un excelente servicio al cliente y una fabricaci\u00f3n de alta calidad... todo el tiempo.<\/span><\/p>\n<p><span style=\"color: #000000;\"><em><span style=\"font-weight: 400;\">\u00a1Feliz compra!<\/span><\/em><\/span><\/p>","protected":false},"excerpt":{"rendered":"<p>Here at ONE PIECE STORE, we&#8217;re obsessed in creating things that YOU are obsessed with. We&#8217;re the perfect place to find apparel and merch based on your favorite ONE PIECE STORE But we&#8217;re not just like every other store out there. We also care about the core of our business: the Fans. We believe that [&hellip;]<\/p>","protected":false},"author":1,"featured_media":0,"parent":0,"menu_order":0,"comment_status":"closed","ping_status":"closed","template":"","meta":{"_acf_changed":false,"footnotes":""},"class_list":null,"acf":[],"_links":{"self":[{"href":"https:\/\/onepiece.store\/es\/wp-json\/wp\/v2\/pages\/26774","targetHints":{"allow":["GET"]}}],"collection":[{"href":"https:\/\/onepiece.store\/es\/wp-json\/wp\/v2\/pages"}],"about":[{"href":"https:\/\/onepiece.store\/es\/wp-json\/wp\/v2\/types\/page"}],"author":[{"embeddable":true,"href":"https:\/\/onepiece.store\/es\/wp-json\/wp\/v2\/users\/1"}],"replies":[{"embeddable":true,"href":"https:\/\/onepiece.store\/es\/wp-json\/wp\/v2\/comments?post=26774"}],"version-history":[{"count":0,"href":"https:\/\/onepiece.store\/es\/wp-json\/wp\/v2\/pages\/26774\/revisions"}],"wp:attachment":[{"href":"https:\/\/onepiece.store\/es\/wp-json\/wp\/v2\/media?parent=26774"}],"curies":[{"name":"wp","href":"https:\/\/api.w.org\/{rel}","templated":true}]}}