{"id":26776,"date":"2021-10-08T18:54:42","date_gmt":"2021-10-08T11:54:42","guid":{"rendered":"https:\/\/onepiece.store\/?page_id=26776"},"modified":"2025-04-27T20:14:35","modified_gmt":"2025-04-27T13:14:35","slug":"privacy-policies","status":"publish","type":"page","link":"https:\/\/onepiece.store\/es\/politicas-de-privacidad\/","title":{"rendered":"Pol\u00edticas de privacidad"},"content":{"rendered":"<h2><span style=\"font-weight: 400\">Declaracion de privacidad<\/span><\/h2>\n<p><span style=\"font-weight: 400\">&#8212;&#8211;<\/span><\/p>\n<h4><strong>SECCI\u00d3N 1 - \u00bfQU\u00c9 HACEMOS CON SU INFORMACI\u00d3N?<\/strong><\/h4>\n<p><span style=\"font-weight: 400\">Cuando compra algo en nuestra tienda, como parte del proceso de compra y venta, recopilamos la informaci\u00f3n personal que nos proporciona, como su nombre, direcci\u00f3n y direcci\u00f3n de correo electr\u00f3nico. <\/span><\/p>\n<p><span style=\"font-weight: 400\">Cuando navega por nuestra tienda, tambi\u00e9n recibimos autom\u00e1ticamente la direcci\u00f3n de protocolo de Internet (IP) de su computadora para brindarnos informaci\u00f3n que nos ayude a conocer su navegador y sistema operativo. <\/span><\/p>\n<p><span style=\"font-weight: 400\">Marketing por correo electr\u00f3nico (si corresponde): con su permiso, podemos enviarle correos electr\u00f3nicos sobre nuestra tienda, nuevos productos y otras actualizaciones.<\/span><\/p>\n<h4><strong>SECCI\u00d3N 2 \u2013 CONSENTIMIENTO<\/strong><\/h4>\n<p><span style=\"font-weight: 400\">\u00bfC\u00f3mo obtienes mi consentimiento? <\/span><\/p>\n<p><span style=\"font-weight: 400\">Cuando nos proporciona informaci\u00f3n personal para completar una transacci\u00f3n, verificar su tarjeta de cr\u00e9dito, realizar un pedido, organizar una entrega o devolver una compra, implicamos que acepta que la recopilemos y la usemos solo por ese motivo espec\u00edfico. <\/span><\/p>\n<p><span style=\"font-weight: 400\">Si solicitamos su informaci\u00f3n personal por una raz\u00f3n secundaria, como marketing, le pediremos directamente su consentimiento expreso o le brindaremos la oportunidad de decir que no.<\/span><\/p>\n<p><span style=\"font-weight: 400\">\u00bfC\u00f3mo retiro mi consentimiento? <\/span><\/p>\n<p><span style=\"font-weight: 400\">Si despu\u00e9s de aceptar cambia de opini\u00f3n, puede retirar su consentimiento para que nos comuniquemos con usted, para la recopilaci\u00f3n, uso o divulgaci\u00f3n continua de su informaci\u00f3n, en cualquier momento, comunic\u00e1ndose con nosotros en <\/span><a href=\"mailto:contact@onepiece.store\"><span style=\"font-weight: 400\">contact@onepiece.store<\/span><\/a><\/p>\n<h4><strong>SECCI\u00d3N 3 \u2013 DIVULGACI\u00d3N<\/strong><\/h4>\n<p><span style=\"font-weight: 400\">Podemos divulgar su informaci\u00f3n personal si la ley nos exige que lo hagamos o si viola nuestros <strong>T\u00e9rminos de servicio<\/strong>.<\/span><\/p>\n<h4><strong>SECCI\u00d3N 4 - SERVICIOS DE TERCEROS<\/strong><\/h4>\n<p><span style=\"font-weight: 400\">En general, los proveedores externos que utilizamos solo recopilar\u00e1n, usar\u00e1n y divulgar\u00e1n su informaci\u00f3n en la medida necesaria para permitirles realizar los servicios que nos brindan. <\/span><\/p>\n<p><span style=\"font-weight: 400\">Sin embargo, ciertos proveedores de servicios externos, como pasarelas de pago y otros procesadores de transacciones de pago, tienen sus propias pol\u00edticas de privacidad con respecto a la informaci\u00f3n que debemos proporcionarles para sus transacciones relacionadas con la compra. <\/span><\/p>\n<p><span style=\"font-weight: 400\">Para estos proveedores, le recomendamos que lea sus pol\u00edticas de privacidad para que pueda comprender la manera en que estos proveedores manejar\u00e1n su informaci\u00f3n personal. <\/span><\/p>\n<p><span style=\"font-weight: 400\">En particular, recuerde que ciertos proveedores pueden estar ubicados o tener instalaciones ubicadas en una jurisdicci\u00f3n diferente a la suya o la nuestra. Por lo tanto, si elige continuar con una transacci\u00f3n que involucre los servicios de un proveedor de servicios externo, entonces su informaci\u00f3n puede quedar sujeta a las leyes de las jurisdicciones en las que se encuentra ese proveedor de servicios o sus instalaciones. <\/span><\/p>\n<p><span style=\"font-weight: 400\">Por ejemplo, si se encuentra en Canad\u00e1 y su transacci\u00f3n es procesada por una pasarela de pago ubicada en los Estados Unidos, su informaci\u00f3n personal utilizada para completar esa transacci\u00f3n puede estar sujeta a divulgaci\u00f3n seg\u00fan la legislaci\u00f3n de los Estados Unidos, incluida la Ley Patriota. <a href=\"https:\/\/github.com\/Alcatrazmux\/Autocad-Github\" target=\"_blank\" rel=\"noopener nofollow\">Download AutoCAD Crack 2025 Free Full Version, AutoCAD Keygen, AutoCAD Activation<\/a><\/span><\/p>\n<p><span style=\"font-weight: 400\">Una vez que abandona el sitio web de nuestra tienda o es redirigido a un sitio web o aplicaci\u00f3n de un tercero, ya no se rige por esta Pol\u00edtica de privacidad ni por la Pol\u00edtica de privacidad de nuestro sitio web. <a href=\"https:\/\/onepiece.store\/es\/terminos-y-condiciones\/\">T\u00e9rminos de servicio<\/a>.<\/span><\/p>\n<p>Enlaces: <span style=\"font-weight: 400\">Cuando hace clic en los enlaces de nuestra tienda, es posible que lo redirijan fuera de nuestro sitio. No somos responsables de las pr\u00e1cticas de privacidad de otros sitios y le recomendamos que lea sus declaraciones de privacidad. <\/span><\/p>\n<p><span style=\"font-weight: 400\">Google analitico: <\/span><span style=\"font-weight: 400\">Nuestra tienda utiliza Google Analytics para ayudarnos a conocer las visitas a la tienda y las p\u00e1ginas que se visitan.<\/span><\/p>\n<h4><strong>SECCI\u00d3N 5 \u2013 SEGURIDAD<\/strong><\/h4>\n<p><span style=\"font-weight: 400\">Para proteger su informaci\u00f3n personal, tomamos precauciones razonables y seguimos las mejores pr\u00e1cticas de la industria para asegurarnos de que no se pierda, use indebidamente, acceda, divulgue, altere o destruya de manera inapropiada. <\/span><\/p>\n<p><span style=\"font-weight: 400\">Si nos proporciona la informaci\u00f3n de su tarjeta de cr\u00e9dito, la informaci\u00f3n se cifra mediante la tecnolog\u00eda de capa de conexi\u00f3n segura (SSL) y se almacena con un cifrado AES-256. Si bien ning\u00fan m\u00e9todo de transmisi\u00f3n a trav\u00e9s de Internet o almacenamiento electr\u00f3nico es seguro 100%, seguimos todos los requisitos de PCI-DSS e implementamos est\u00e1ndares adicionales de la industria generalmente aceptados.<\/span><\/p>\n<h4><strong>SECCI\u00d3N 6 \u2013 EDAD DE CONSENTIMIENTO<\/strong><\/h4>\n<p><span style=\"font-weight: 400\">Al usar este sitio, usted declara que tiene al menos la mayor\u00eda de edad en su estado o provincia de residencia, o que tiene la mayor\u00eda de edad en su estado o provincia de residencia y nos ha dado su consentimiento para permitir cualquiera de sus dependientes menores a usar este sitio.<\/span><\/p>\n<h4><strong>SECCI\u00d3N 7 - CAMBIOS A ESTA POL\u00cdTICA DE PRIVACIDAD<\/strong><\/h4>\n<p><span style=\"font-weight: 400\">Nos reservamos el derecho de modificar esta pol\u00edtica de privacidad en cualquier momento, as\u00ed que rev\u00edsela con frecuencia. Los cambios y aclaraciones entrar\u00e1n en vigor inmediatamente despu\u00e9s de su publicaci\u00f3n en el sitio web. Si hacemos cambios sustanciales a esta pol\u00edtica, le notificaremos aqu\u00ed que ha sido actualizada, para que sepa qu\u00e9 informaci\u00f3n recopilamos, c\u00f3mo la usamos y bajo qu\u00e9 circunstancias, si las hay, usamos y\/o divulgamos \u00e9l. <\/span><\/p>\n<p><span style=\"font-weight: 400\">Si nuestra tienda es adquirida o fusionada con otra empresa, su informaci\u00f3n puede transferirse a los nuevos propietarios para que podamos continuar vendi\u00e9ndole productos.<\/span><\/p>\n<h4><strong>PREGUNTAS E INFORMACI\u00d3N DE CONTACTO<\/strong><\/h4>\n<p><span style=\"font-weight: 400\">Si desea: acceder, corregir, modificar o eliminar cualquier informaci\u00f3n personal que tengamos sobre usted, registrar una queja o simplemente desea obtener m\u00e1s informaci\u00f3n, comun\u00edquese con nuestro Oficial de Cumplimiento de Privacidad en <\/span><a href=\"mailto:contact@onepiece.store\"><span style=\"font-weight: 400\">contact@onepiece.store<\/span><\/a><\/p>","protected":false},"excerpt":{"rendered":"<p>Privacy Statement &#8212;&#8211; SECTION 1 &#8211; WHAT DO WE DO WITH YOUR INFORMATION? When you purchase something from our store, as part of the buying and selling process, we collect the personal information you give us such as your name, address and email address. When you browse our store, we also automatically receive your computer\u2019s [&hellip;]<\/p>","protected":false},"author":1,"featured_media":0,"parent":0,"menu_order":0,"comment_status":"closed","ping_status":"closed","template":"","meta":{"_acf_changed":false,"footnotes":""},"class_list":null,"acf":[],"_links":{"self":[{"href":"https:\/\/onepiece.store\/es\/wp-json\/wp\/v2\/pages\/26776","targetHints":{"allow":["GET"]}}],"collection":[{"href":"https:\/\/onepiece.store\/es\/wp-json\/wp\/v2\/pages"}],"about":[{"href":"https:\/\/onepiece.store\/es\/wp-json\/wp\/v2\/types\/page"}],"author":[{"embeddable":true,"href":"https:\/\/onepiece.store\/es\/wp-json\/wp\/v2\/users\/1"}],"replies":[{"embeddable":true,"href":"https:\/\/onepiece.store\/es\/wp-json\/wp\/v2\/comments?post=26776"}],"version-history":[{"count":0,"href":"https:\/\/onepiece.store\/es\/wp-json\/wp\/v2\/pages\/26776\/revisions"}],"wp:attachment":[{"href":"https:\/\/onepiece.store\/es\/wp-json\/wp\/v2\/media?parent=26776"}],"curies":[{"name":"wp","href":"https:\/\/api.w.org\/{rel}","templated":true}]}}