{"id":26777,"date":"2021-10-08T18:53:07","date_gmt":"2021-10-08T11:53:07","guid":{"rendered":"https:\/\/onepiece.store\/?page_id=26777"},"modified":"2021-10-08T18:53:07","modified_gmt":"2021-10-08T11:53:07","slug":"dmca-copyright-policy","status":"publish","type":"page","link":"https:\/\/onepiece.store\/es\/politica-de-derechos-de-autor-de-dmca\/","title":{"rendered":"DMCA \u2013 Pol\u00edtica de derechos de autor"},"content":{"rendered":"<h3><span style=\"font-weight: 400;\"><strong>Ley de derechos de autor del milenio digital<\/strong> <\/span><\/h3>\n<p><span style=\"font-weight: 400;\">Bienvenido a <\/span><strong>https:\/\/onepiece.store\/<\/strong><span style=\"font-weight: 400;\"> (el \u201cSitio\u201d). Respetamos los derechos de propiedad intelectual de otros de la misma manera que esperamos que otros respeten nuestros derechos. De conformidad con la Ley de derechos de autor del milenio digital, T\u00edtulo 17, C\u00f3digo de los Estados Unidos, Secci\u00f3n 512 (c), el propietario de los derechos de autor o su agente pueden enviarnos un aviso de eliminaci\u00f3n a trav\u00e9s de nuestro Agente de DMCA que se detalla a continuaci\u00f3n. Como proveedor de servicios de Internet, tenemos derecho a reclamar inmunidad de dichos reclamos de infracci\u00f3n de conformidad con las disposiciones de &quot;puerto seguro&quot; de la DMCA. Para presentarnos un reclamo de infracci\u00f3n de buena fe, debe enviarnos el aviso que establece la siguiente informaci\u00f3n:<\/span><\/p>\n<p><strong>Notificaci\u00f3n de infracci\u00f3n - Reclamaci\u00f3n<\/strong><\/p>\n<ol>\n<li><span style=\"font-weight: 400;\"> Una firma f\u00edsica o electr\u00f3nica del propietario de los derechos de autor (o alguien autorizado para actuar en nombre del propietario);<\/span><\/li>\n<li><span style=\"font-weight: 400;\"> Identificaci\u00f3n del trabajo protegido por derechos de autor que se alega que ha sido infringido;<\/span><\/li>\n<li><span style=\"font-weight: 400;\"> Identificaci\u00f3n del material infractor que se eliminar\u00e1 e informaci\u00f3n razonablemente suficiente para permitir que el proveedor de servicios localice el material. [Env\u00ede la URL de la p\u00e1gina en cuesti\u00f3n para ayudarnos a identificar el trabajo supuestamente ofensivo];<\/span><\/li>\n<li><span style=\"font-weight: 400;\"> Informaci\u00f3n razonablemente suficiente para permitir que el proveedor de servicios se comunique con la parte reclamante, incluido su nombre, direcci\u00f3n f\u00edsica, direcci\u00f3n de correo electr\u00f3nico, n\u00famero de tel\u00e9fono y n\u00famero de fax;<\/span><\/li>\n<li><span style=\"font-weight: 400;\"> Una declaraci\u00f3n de que la parte reclamante cree de buena fe que el uso del material no est\u00e1 autorizado por el agente de derechos de autor; y<\/span><\/li>\n<li><span style=\"font-weight: 400;\"> Una declaraci\u00f3n de que la informaci\u00f3n en la notificaci\u00f3n es precisa y, bajo pena de perjurio, que la parte reclamante est\u00e1 autorizada para actuar en nombre del propietario de los derechos de autor.<\/span><\/li>\n<\/ol>\n<p><span style=\"font-weight: 400;\">El T\u00edtulo 17 USC \u00a7512(f) establece multas por da\u00f1os civiles, incluidos costos y honorarios de abogados, contra cualquier persona que, a sabiendas y materialmente, tergiverse cierta informaci\u00f3n en una notificaci\u00f3n de infracci\u00f3n seg\u00fan 17 USC \u00a7512(c)(3).<\/span><\/p>\n<p><span style=\"font-weight: 400;\">Env\u00ede todos los avisos de eliminaci\u00f3n a trav\u00e9s de nuestra p\u00e1gina de contacto. Por favor env\u00ede por correo electr\u00f3nico para una pronta atenci\u00f3n.<\/span><\/p>\n<p><span style=\"font-weight: 400;\">Tenga en cuenta que podemos compartir la identidad y la informaci\u00f3n en cualquier reclamo de infracci\u00f3n de derechos de autor que recibamos con el presunto infractor. Al presentar un reclamo, entiende que acepta y est\u00e1 de acuerdo en que su identidad y reclamo puedan ser comunicados al presunto infractor.<\/span><\/p>\n<p><strong>Contra Notificaci\u00f3n \u2013 Restauraci\u00f3n de Material<\/strong><\/p>\n<p><span style=\"font-weight: 400;\">Si ha recibido un aviso de eliminaci\u00f3n de material debido a un reclamo por infracci\u00f3n de derechos de autor, puede proporcionarnos una contranotificaci\u00f3n en un esfuerzo por restaurar el material en cuesti\u00f3n en el sitio. Dicha notificaci\u00f3n debe entregarse por escrito a nuestro Agente de DMCA y debe contener sustancialmente los siguientes elementos de conformidad con 17 USC Secci\u00f3n 512(g)(3):<\/span><\/p>\n<ol>\n<li><span style=\"font-weight: 400;\"> Tu firma f\u00edsica o electr\u00f3nica.<\/span><\/li>\n<li><span style=\"font-weight: 400;\"> Una descripci\u00f3n del material que se ha retirado y la ubicaci\u00f3n original del material antes de retirarlo.<\/span><\/li>\n<li><span style=\"font-weight: 400;\"> Una declaraci\u00f3n bajo pena de perjurio de que cree de buena fe que el material se elimin\u00f3 o inhabilit\u00f3 como resultado de un error o identificaci\u00f3n err\u00f3nea del material que se eliminar\u00e1 o inhabilitar\u00e1.<\/span><\/li>\n<li><span style=\"font-weight: 400;\"> Su nombre, direcci\u00f3n y n\u00famero de tel\u00e9fono, y una declaraci\u00f3n de que acepta la jurisdicci\u00f3n del tribunal de distrito federal del distrito judicial en el que se encuentra la direcci\u00f3n (o si se encuentra fuera de los Estados Unidos, que acepta la jurisdicci\u00f3n de cualquier distrito judicial en el que se encuentre el proveedor del servicio), y que aceptar\u00e1 la notificaci\u00f3n de la notificaci\u00f3n de la infracci\u00f3n original.<\/span><\/li>\n<li><span style=\"font-weight: 400;\"> Env\u00ede su contranotificaci\u00f3n a trav\u00e9s de nuestra p\u00e1gina de Contacto. El correo electr\u00f3nico es muy recomendable.<\/span><\/li>\n<\/ol>\n<p><strong>Pol\u00edtica de infractores reincidentes<\/strong><\/p>\n<p><span style=\"font-weight: 400;\">Nos tomamos muy en serio la infracci\u00f3n de los derechos de autor. De conformidad con los requisitos de la pol\u00edtica de infractores reincidentes de la Ley de derechos de autor del milenio digital, mantenemos una lista de avisos de DMCA de los titulares de derechos de autor y hacemos un esfuerzo de buena fe para identificar a los infractores reincidentes. Aquellos que violen nuestra pol\u00edtica interna de infractores reincidentes ver\u00e1n rescindidas sus cuentas.<\/span><\/p>\n<p><strong>Modificaciones<\/strong><\/p>\n<p><span style=\"font-weight: 400;\">Nos reservamos el derecho de modificar el contenido de esta p\u00e1gina y su pol\u00edtica para manejar reclamos de DMCA en cualquier momento y por cualquier motivo. Le recomendamos que vuelva a revisar esta pol\u00edtica con frecuencia para ver si hay cambios.<\/span><\/p>\n<h3><strong>Derechos de Propiedad Intelectual y Publicidad<\/strong><\/h3>\n<p><b>TIENDA DE UNA PIEZA<\/b> <span style=\"font-weight: 400;\">se enorgullece de nuestra participaci\u00f3n en nuestros fan\u00e1ticos y comunidades. Nos gustar\u00eda servir y vender productos personalizados dise\u00f1ados por fans a todo el mundo. Sin embargo, trabajamos con dise\u00f1adores independientes de todo el mundo y, aunque realizamos una auditor\u00eda estricta de la presentaci\u00f3n de dise\u00f1os antes de incluirlos en la tienda, algunos pueden mentir sobre su arte y lo entendemos. Si algo en nuestro sitio web es su obra de arte y puede probarlo, con gusto lo eliminaremos dentro de las 24 horas y le daremos algo de cr\u00e9dito.<\/span><\/p>\n<p><span style=\"font-weight: 400;\">La ley de DERECHOS DE AUTOR protege la expresi\u00f3n de una idea original registrada en una forma tangible, como obras de arte en forma de fotograf\u00edas o pinturas y obras literarias en forma de poemas o historias.<\/span><\/p>\n<p><span style=\"font-weight: 400;\">La ley de MARCAS COMERCIALES protege el uso de palabras, s\u00edmbolos, dise\u00f1os o logotipos que identifican y distinguen una fuente de bienes.<\/span><\/p>\n<p><span style=\"font-weight: 400;\">LOS DERECHOS DE PUBLICIDAD protegen el nombre, la imagen y la semejanza de una persona. B\u00e1sicamente, esto significa que no puede usar la identidad de otra persona, para su ventaja comercial, sin su consentimiento.<\/span><\/p>\n<p><span style=\"font-weight: 400;\">Si cree que su contenido se ha utilizado de una manera que constituye una infracci\u00f3n de sus derechos, notif\u00edquelo <\/span><b>TIENDA DE UNA PIEZA<\/b> <span style=\"font-weight: 400;\">correo electr\u00f3nico designado: <\/span><span style=\"font-weight: 400;\">contact@onepiece.store<\/span><span style=\"font-weight: 400;\"> mediante el env\u00edo de un Aviso y un Informe de Eliminaci\u00f3n, que debe incluir la siguiente informaci\u00f3n importante:<\/span><\/p>\n<ol>\n<li style=\"font-weight: 400;\" aria-level=\"1\"><span style=\"font-weight: 400;\">Un enlace al elemento que infringe sus derechos<\/span><\/li>\n<li style=\"font-weight: 400;\" aria-level=\"1\"><span style=\"font-weight: 400;\">Prueba de su obra de arte (puede ser su p\u00e1gina web o muchos otros factores)<\/span><\/li>\n<li style=\"font-weight: 400;\" aria-level=\"1\"><span style=\"font-weight: 400;\">Su nombre e informaci\u00f3n de contacto<\/span><\/li>\n<li style=\"font-weight: 400;\" aria-level=\"1\"><span style=\"font-weight: 400;\">T\u00edtulo del correo electr\u00f3nico: <\/span><b>INFORME DE ELIMINACI\u00d3N<\/b><\/li>\n<\/ol>\n<p><span style=\"font-weight: 400;\">El correo electr\u00f3nico es: <\/span><a href=\"mailto:contact@onepiece.store\"><span style=\"font-weight: 400;\">contact@onepiece.store<\/span><\/a><\/p>","protected":false},"excerpt":{"rendered":"<p>Digital Millennium Copyright Act Welcome to https:\/\/onepiece.store\/ (the \u201cSite\u201d).We respect the intellectual property rights of others just as we expect others to respect our rights. Pursuant to Digital Millennium Copyright Act, Title 17, United States Code, Section 512(c), a copyright owner or their agent may submit a takedown notice to us via our DMCA Agent [&hellip;]<\/p>","protected":false},"author":1,"featured_media":0,"parent":0,"menu_order":0,"comment_status":"closed","ping_status":"closed","template":"","meta":{"_acf_changed":false,"footnotes":""},"class_list":null,"acf":[],"_links":{"self":[{"href":"https:\/\/onepiece.store\/es\/wp-json\/wp\/v2\/pages\/26777","targetHints":{"allow":["GET"]}}],"collection":[{"href":"https:\/\/onepiece.store\/es\/wp-json\/wp\/v2\/pages"}],"about":[{"href":"https:\/\/onepiece.store\/es\/wp-json\/wp\/v2\/types\/page"}],"author":[{"embeddable":true,"href":"https:\/\/onepiece.store\/es\/wp-json\/wp\/v2\/users\/1"}],"replies":[{"embeddable":true,"href":"https:\/\/onepiece.store\/es\/wp-json\/wp\/v2\/comments?post=26777"}],"version-history":[{"count":0,"href":"https:\/\/onepiece.store\/es\/wp-json\/wp\/v2\/pages\/26777\/revisions"}],"wp:attachment":[{"href":"https:\/\/onepiece.store\/es\/wp-json\/wp\/v2\/media?parent=26777"}],"curies":[{"name":"wp","href":"https:\/\/api.w.org\/{rel}","templated":true}]}}