{"id":26778,"date":"2021-10-08T18:52:00","date_gmt":"2021-10-08T11:52:00","guid":{"rendered":"https:\/\/onepiece.store\/?page_id=26778"},"modified":"2021-10-08T18:52:00","modified_gmt":"2021-10-08T11:52:00","slug":"ca-sb657-supply-chain-transparency-act","status":"publish","type":"page","link":"https:\/\/onepiece.store\/es\/ley-de-transparencia-de-la-cadena-de-suministro-ca-sb657\/","title":{"rendered":"CA SB657: Ley de transparencia de la cadena de suministro"},"content":{"rendered":"<p><span style=\"font-weight: 400;\">En<\/span><strong> TIENDA DE UNA PIEZA<\/strong><span style=\"font-weight: 400;\">, siempre hemos trabajado para garantizar condiciones de trabajo \u00e9ticas en toda nuestra cadena de suministro. Realizamos visitas a la f\u00e1brica en persona y requerimos auditor\u00edas independientes de terceros para verificar que el entorno sea tan seguro y saludable como se nos present\u00f3. De acuerdo con la Ley de Transparencia de la Cadena de Suministro de California, las siguientes son las medidas que tomamos para garantizar que la trata de personas y la esclavitud no existan en ninguna parte de nuestra cadena de suministro.<\/span><\/p>\n<h4><span style=\"font-weight: 400;\"><strong>1. Verificaci\u00f3n<\/strong><\/span><\/h4>\n<p><span style=\"font-weight: 400;\">Como m\u00ednimo, divulgue en qu\u00e9 medida, si corresponde, el vendedor minorista o el fabricante se involucra en la verificaci\u00f3n de las cadenas de suministro de productos para evaluar y abordar los riesgos de trata de personas y esclavitud. La divulgaci\u00f3n deber\u00e1 especificar si la verificaci\u00f3n no fue realizada por un tercero.<\/span><\/p>\n<ul>\n<li style=\"font-weight: 400;\" aria-level=\"1\"><strong>TIENDA DE UNA PIEZA<\/strong><span style=\"font-weight: 400;\"> requiere que todos los proveedores directos se sometan a auditor\u00edas de cumplimiento anuales, as\u00ed como a auditor\u00edas de observaci\u00f3n trimestrales, que son realizadas por una firma de auditor\u00eda externa acreditada. Estas auditor\u00edas se enfocan en evaluar las condiciones laborales y de vida de los trabajadores, verificar los salarios y garantizar que los trabajadores sean pagados de acuerdo con las horas trabajadas, garantizar que los aspectos de salud y seguridad en los entornos de trabajo y vivienda se mantengan adecuadamente, as\u00ed como asegurarse de que todos los documentos y registros est\u00e9n disponibles, v\u00e1lidos y verificados.<\/span><\/li>\n<li style=\"font-weight: 400;\" aria-level=\"1\"><strong>TIENDA DE UNA PIEZA<\/strong><span style=\"font-weight: 400;\"> comparte nuestro C\u00f3digo de conducta de proveedores (VCOC) con todos nuestros proveedores directos y exige que se muestre en una ubicaci\u00f3n central en la f\u00e1brica. El VCOC se ha traducido a los principales idiomas utilizados a lo largo de nuestra cadena de suministro (ingl\u00e9s, espa\u00f1ol, italiano, chino simplificado y vietnamita).<\/span><\/li>\n<li style=\"font-weight: 400;\" aria-level=\"1\"><span style=\"font-weight: 400;\">Antes de iniciar una relaci\u00f3n comercial con<\/span><strong> TIENDA DE UNA PIEZA<\/strong><span style=\"font-weight: 400;\">, los proveedores directos deben completar perfiles de proveedores que proporcionen informaci\u00f3n sobre responsabilidad social, incluidas, entre otras, las horas est\u00e1ndar trabajadas por empleado por semana, la edad m\u00ednima de los trabajadores, los procedimientos disciplinarios y las acciones preventivas contra el trabajo forzoso o encarcelado. Este documento permite<\/span><strong> TIENDA DE UNA PIEZA<\/strong><span style=\"font-weight: 400;\"> para evaluar el riesgo en las primeras etapas de una nueva asociaci\u00f3n.<\/span><\/li>\n<\/ul>\n<h4><span style=\"font-weight: 400;\"><strong>2. Auditor\u00edas<\/strong><\/span><\/h4>\n<p><span style=\"font-weight: 400;\">Como m\u00ednimo, divulgue en qu\u00e9 medida, si corresponde, el vendedor minorista o el fabricante realiza auditor\u00edas de los proveedores para evaluar el cumplimiento de los proveedores con los est\u00e1ndares de la empresa para la trata de personas y la esclavitud en las cadenas de suministro. La divulgaci\u00f3n deber\u00e1 especificar si la verificaci\u00f3n no fue una auditor\u00eda independiente no anunciada.<\/span><\/p>\n<ul>\n<li style=\"font-weight: 400;\" aria-level=\"1\"><span style=\"font-weight: 400;\">Las auditor\u00edas completas se realizan anualmente y se anuncian parcialmente (a la f\u00e1brica se le da una ventana de 10 d\u00edas en la que podr\u00eda realizarse la auditor\u00eda), realizadas por una firma de auditor\u00eda externa acreditada. La auditor\u00eda se enfoca en trabajo, salarios\/horas, salud y seguridad, sistemas de gesti\u00f3n y medio ambiente. Los auditores realizan entrevistas en persona, tanto individuales como grupales, en el idioma local para comprender mejor las condiciones de trabajo y los comentarios que los trabajadores pueden tener sobre su trabajo en la instalaci\u00f3n. El auditor revisa la n\u00f3mina y los registros de asistencia para garantizar que la compensaci\u00f3n cumpla con los m\u00ednimos legales y que se pague a los trabajadores por las horas y horas extra correctas.<\/span><\/li>\n<li style=\"font-weight: 400;\" aria-level=\"1\"><span style=\"font-weight: 400;\">Se realizan auditor\u00edas observacionales trimestrales no anunciadas adicionales basadas \u00fanicamente en la observaci\u00f3n visual, enfoc\u00e1ndose en los requisitos laborales y de salud y seguridad. Las auditor\u00edas de observaci\u00f3n brindan una buena perspectiva de las pr\u00e1cticas diarias y rutinarias en la instalaci\u00f3n.<\/span><\/li>\n<li style=\"font-weight: 400;\" aria-level=\"1\"><span style=\"font-weight: 400;\">Se requieren CAP (Planes de acci\u00f3n correctiva) para abordar cualquier hallazgo de incumplimiento y permite <\/span><strong>TIENDA DE UNA PIEZA<\/strong><span style=\"font-weight: 400;\"> para trabajar directamente con los proveedores hacia una soluci\u00f3n para corregir, mejorar o mejorar los sistemas y procedimientos dentro de la instalaci\u00f3n.<\/span><\/li>\n<li style=\"font-weight: 400;\" aria-level=\"1\"><strong>TIENDA DE UNA PIEZA<\/strong><span style=\"font-weight: 400;\"> realiza todas las auditor\u00edas anuales utilizando un muestreo ampliado, que proporciona una representaci\u00f3n m\u00e1s amplia de los datos de salarios\/horas en cada instalaci\u00f3n.<\/span><\/li>\n<li style=\"font-weight: 400;\" aria-level=\"1\"><span style=\"font-weight: 400;\">Los miembros de la<\/span><strong> TIENDA DE UNA PIEZA<\/strong><span style=\"font-weight: 400;\"> El equipo de la cadena de suministro ha participado en m\u00faltiples auditor\u00edas y entrevistas a trabajadores.<\/span><\/li>\n<\/ul>\n<h4><span style=\"font-weight: 400;\"><strong>3. Certificaci\u00f3n<\/strong><\/span><\/h4>\n<p><span style=\"font-weight: 400;\">Como m\u00ednimo, divulgue en qu\u00e9 medida, si corresponde, el vendedor minorista o el fabricante requiere que los proveedores directos certifiquen que los materiales incorporados en el producto cumplen con las leyes relacionadas con la esclavitud y la trata de personas del pa\u00eds o pa\u00edses en los que hacen negocios.<\/span><\/p>\n<ul>\n<li style=\"font-weight: 400;\" aria-level=\"1\"><strong>TIENDA DE UNA PIEZA<\/strong><span style=\"font-weight: 400;\">El VCOC de es compartido con todos nuestros proveedores directos. El VCOC destaca la responsabilidad que debe cumplir una f\u00e1brica de acuerdo con las leyes laborales locales e internacionales, como la discriminaci\u00f3n, el trabajo infantil, el trabajo forzado y las pr\u00e1cticas disciplinarias.<\/span><\/li>\n<li style=\"font-weight: 400;\" aria-level=\"1\"><span style=\"font-weight: 400;\">Estamos presentando nuestro VCOC a todos los proveedores de materiales a lo largo de la cadena de suministro para garantizar el conocimiento y el cumplimiento de todas las partes relacionadas con <strong>TIENDA DE UNA PIEZA<\/strong>.<\/span><\/li>\n<\/ul>\n<h4><span style=\"font-weight: 400;\"><strong>4. Responsabilidad interna<\/strong><\/span><\/h4>\n<p><span style=\"font-weight: 400;\">Como m\u00ednimo, divulgue en qu\u00e9 medida, si corresponde, el vendedor minorista o el fabricante mantiene est\u00e1ndares y procedimientos de responsabilidad internos para los empleados o contratistas que no cumplen con los est\u00e1ndares de la empresa con respecto a la esclavitud y el tr\u00e1fico.<\/span><\/p>\n<ul>\n<li style=\"font-weight: 400;\" aria-level=\"1\"><span style=\"font-weight: 400;\"><strong>TIENDA DE UNA PIEZA<\/strong>Los valores fundamentales de \u2014\u201cla elecci\u00f3n \u00e9tica es la elecci\u00f3n correcta\u201d y \u201ctodos pueden y deben marcar la diferencia\u201d\u2014 son dos valores que utilizan nuestros equipos para guiar las decisiones, tanto en las relaciones de la cadena de suministro como en la toma de decisiones interna.<\/span><\/li>\n<li style=\"font-weight: 400;\" aria-level=\"1\"><span style=\"font-weight: 400;\">Si bien estamos decididos a trabajar solo con proveedores que tengan valores afines, solo podemos impactar de manera efectiva la esclavitud y la trata de personas con el apoyo y la cooperaci\u00f3n de nuestros proveedores.<\/span><\/li>\n<li style=\"font-weight: 400;\" aria-level=\"1\"><span style=\"font-weight: 400;\">Tenemos una pol\u00edtica de tolerancia cero para cualquier incumplimiento laboral que se encuentre en la cadena de suministro. Como tal, terminaremos de inmediato las relaciones comerciales, independientemente del contrato o los ingresos potenciales.<\/span><\/li>\n<li style=\"font-weight: 400;\" aria-level=\"1\"><span style=\"font-weight: 400;\">Todas las partes que interact\u00faan con nuestra cadena de suministro completaron la capacitaci\u00f3n de cumplimiento de CA SB657. Esta capacitaci\u00f3n nos brind\u00f3 herramientas para mitigar el riesgo dentro de la cadena de suministro y proporcionar los siguientes pasos si un miembro del equipo descubre alg\u00fan incumplimiento.<\/span><\/li>\n<\/ul>\n<h4><span style=\"font-weight: 400;\"><strong>5. Entrenamiento<\/strong><\/span><\/h4>\n<p><span style=\"font-weight: 400;\">Como m\u00ednimo, divulgue en qu\u00e9 medida, si corresponde, el vendedor minorista o el fabricante proporciona a los empleados y la gerencia de la empresa, que tienen la responsabilidad directa de la gesti\u00f3n de la cadena de suministro, capacitaci\u00f3n sobre la trata de personas y la esclavitud, en particular con respecto a la mitigaci\u00f3n de riesgos dentro de las cadenas de suministro. de productos.<\/span><\/p>\n<ul>\n<li style=\"font-weight: 400;\" aria-level=\"1\"><span style=\"font-weight: 400;\">El <\/span><strong>TIENDA DE UNA PIEZA<\/strong><span style=\"font-weight: 400;\"> El equipo de cumplimiento asiste a capacitaciones y seminarios para asegurar el conocimiento interno de varias tendencias de la cadena de suministro, espec\u00edficamente en lo que respecta a cuestiones laborales y de derechos humanos. Nos asociamos con entidades de terceros para obtener informaci\u00f3n a lo largo de nuestra cadena de suministro global.<\/span><\/li>\n<\/ul>\n<p><strong>TIENDA DE UNA PIEZA <\/strong><span style=\"font-weight: 400;\">Los equipos de productos y cadena de suministro deben participar en la capacitaci\u00f3n de cumplimiento de CA SB657 sobre violaciones de trabajo forzoso y trata de personas, y los pasos para identificar e informar sobre \u00e1reas de alto riesgo en toda la cadena de suministro. Dicha capacitaci\u00f3n se ha realizado para los miembros del equipo existentes y ser\u00e1 necesaria para todas las nuevas contrataciones.<\/span><\/p>","protected":false},"excerpt":{"rendered":"<p>At ONE PIECE STORE, we have always worked to ensure ethical working conditions throughout our supply chain. We make in-person factory visits and require independent, third-party audits to verify that the environment is as safe and healthy as it was presented to us. In accordance with the California Supply Chain Transparency Act, the following are [&hellip;]<\/p>","protected":false},"author":1,"featured_media":0,"parent":0,"menu_order":0,"comment_status":"closed","ping_status":"closed","template":"","meta":{"_acf_changed":false,"footnotes":""},"class_list":null,"acf":[],"_links":{"self":[{"href":"https:\/\/onepiece.store\/es\/wp-json\/wp\/v2\/pages\/26778","targetHints":{"allow":["GET"]}}],"collection":[{"href":"https:\/\/onepiece.store\/es\/wp-json\/wp\/v2\/pages"}],"about":[{"href":"https:\/\/onepiece.store\/es\/wp-json\/wp\/v2\/types\/page"}],"author":[{"embeddable":true,"href":"https:\/\/onepiece.store\/es\/wp-json\/wp\/v2\/users\/1"}],"replies":[{"embeddable":true,"href":"https:\/\/onepiece.store\/es\/wp-json\/wp\/v2\/comments?post=26778"}],"version-history":[{"count":0,"href":"https:\/\/onepiece.store\/es\/wp-json\/wp\/v2\/pages\/26778\/revisions"}],"wp:attachment":[{"href":"https:\/\/onepiece.store\/es\/wp-json\/wp\/v2\/media?parent=26778"}],"curies":[{"name":"wp","href":"https:\/\/api.w.org\/{rel}","templated":true}]}}