{"id":26779,"date":"2021-10-08T18:51:09","date_gmt":"2021-10-08T11:51:09","guid":{"rendered":"https:\/\/onepiece.store\/?page_id=26779"},"modified":"2026-04-10T15:12:28","modified_gmt":"2026-04-10T08:12:28","slug":"payment-terms","status":"publish","type":"page","link":"https:\/\/onepiece.store\/es\/terminos-de-pago\/","title":{"rendered":"T\u00e9rminos de pago"},"content":{"rendered":"<ol>\n<li><b>Pagar con Tarjeta de Cr\u00e9dito\/D\u00e9bito<\/b><\/li>\n<\/ol>\n<p><span style=\"font-weight: 400;\">Las opciones de tarjeta de cr\u00e9dito\/d\u00e9bito disponibles se enumeran a continuaci\u00f3n.<\/span><\/p>\n<p><img decoding=\"async\" class=\"alignnone wp-image-25254\" src=\"https:\/\/onepiece.store\/wp-content\/uploads\/2021\/10\/Pay-with-Credit-Debit-Card-1024x104.jpg\" alt=\"-\" width=\"679\" height=\"69\" title=\"-\"><\/p>\n<p><span style=\"font-weight: 400;\">Esta transacci\u00f3n est\u00e1 fuertemente protegida y encriptada por <\/span><a href=\"https:\/\/stripe.com\/\" rel=\"nofollow noopener\" target=\"_blank\"><span style=\"font-weight: 400;\">Raya<\/span><\/a><span style=\"font-weight: 400;\">.<\/span><\/p>\n<p><span style=\"font-weight: 400;\">Tenga en cuenta que <\/span><strong>TIENDA DE UNA PIEZA <\/strong><span style=\"font-weight: 400;\">no recopila su n\u00famero de tarjeta de cr\u00e9dito\/d\u00e9bito o informaci\u00f3n personal cuando realiza un pago. Si tiene preguntas sobre sus transacciones en nuestro sitio, consulte con el banco emisor de su tarjeta para obtener informaci\u00f3n.<\/span><\/p>\n<p><span style=\"font-weight: 400;\">Tambi\u00e9n usa Apple Pay si est\u00e1 usando dispositivos Apple.<\/span><\/p>\n<ol start=\"2\">\n<li><b>Pagar con PayPal<\/b><\/li>\n<\/ol>\n<p><img fetchpriority=\"high\" decoding=\"async\" class=\"alignnone wp-image-25257\" src=\"https:\/\/onepiece.store\/wp-content\/uploads\/2021\/10\/pay-with-paypal.png\" alt=\"-\" width=\"368\" height=\"143\" title=\"-\"><\/p>\n<p><span style=\"font-weight: 400;\">Al realizar un pedido con PayPal, ser\u00e1 redirigido a la p\u00e1gina de pago de PayPal donde podr\u00e1 confirmar su pago iniciando sesi\u00f3n con su nombre de usuario y contrase\u00f1a de PayPal.<\/span><\/p>\n<p><span style=\"font-weight: 400;\">Todav\u00eda puede pagar incluso sin una cuenta de PayPal. Para hacerlo, haga clic en &quot;Pagar con tarjeta de d\u00e9bito\/cr\u00e9dito&quot; en la p\u00e1gina de pago de PayPal y ser\u00e1 redirigido a una p\u00e1gina segura donde puede ingresar la informaci\u00f3n de su tarjeta de cr\u00e9dito o completar su pago de manera segura a trav\u00e9s de PayPal.<\/span><\/p>\n<ol start=\"3\">\n<li><b>Aplicar &quot;C\u00f3digos de cup\u00f3n&quot; y &quot;Puntos de bonificaci\u00f3n&quot;<\/b><\/li>\n<\/ol>\n<p><span style=\"font-weight: 400;\">Puede aplicar c\u00f3digos de cup\u00f3n y puntos de bonificaci\u00f3n a su pedido al finalizar la compra. Una vez que haya ingresado su c\u00f3digo de cup\u00f3n y puntos de bonificaci\u00f3n, haga clic en &quot;APLICAR&quot; y el total de su pedido se actualizar\u00e1 para reflejar el monto del descuento. Tenga en cuenta que si no hace clic en &quot;APLICAR&quot; antes de continuar con el pago, el c\u00f3digo de cup\u00f3n y los puntos de bonificaci\u00f3n que ingres\u00f3 no se aplicar\u00e1n.<\/span><\/p>\n<p><em><strong>NOTAS:<\/strong><\/em><\/p>\n<p><span style=\"font-weight: 400;\">Aseg\u00farese de ingresar correctamente el c\u00f3digo de cup\u00f3n, sin espacios antes, dentro o despu\u00e9s.<\/span><span style=\"font-weight: 400;\">Los cupones no se pueden combinar. Solo puede aplicar un c\u00f3digo de cup\u00f3n por pedido.<\/span><\/p>\n<p><span style=\"font-weight: 400;\">Aplique el cup\u00f3n antes de su fecha de vencimiento: la fecha de vencimiento se indicar\u00e1 claramente cuando se le emita el cup\u00f3n.<\/span><\/p>\n<p><span style=\"font-weight: 400;\">Los cupones pueden requerir una compra m\u00ednima.<\/span><\/p>\n<p><span style=\"font-weight: 400;\">Algunos cupones se aplican solo a productos espec\u00edficos o excluyen productos espec\u00edficos.<\/span><\/p>\n<p><span style=\"font-weight: 400;\">Un cup\u00f3n solo se puede aplicar una vez.<\/span><\/p>","protected":false},"excerpt":{"rendered":"<p>Pay with Credit\/Debit Card The available credit\/debit card options are listed below. This transaction is strongly secured and encrypted by Stripe. Please note that ONE PIECE STORE does not collect your credit\/debit card number or personal information when you make a payment. For questions regarding your transactions on our site, please consult your card-issuing bank [&hellip;]<\/p>","protected":false},"author":1,"featured_media":0,"parent":0,"menu_order":0,"comment_status":"closed","ping_status":"closed","template":"","meta":{"_acf_changed":false,"footnotes":""},"class_list":["post-26779","page","type-page","status-publish","hentry"],"acf":[],"_links":{"self":[{"href":"https:\/\/onepiece.store\/es\/wp-json\/wp\/v2\/pages\/26779","targetHints":{"allow":["GET"]}}],"collection":[{"href":"https:\/\/onepiece.store\/es\/wp-json\/wp\/v2\/pages"}],"about":[{"href":"https:\/\/onepiece.store\/es\/wp-json\/wp\/v2\/types\/page"}],"author":[{"embeddable":true,"href":"https:\/\/onepiece.store\/es\/wp-json\/wp\/v2\/users\/1"}],"replies":[{"embeddable":true,"href":"https:\/\/onepiece.store\/es\/wp-json\/wp\/v2\/comments?post=26779"}],"version-history":[{"count":0,"href":"https:\/\/onepiece.store\/es\/wp-json\/wp\/v2\/pages\/26779\/revisions"}],"wp:attachment":[{"href":"https:\/\/onepiece.store\/es\/wp-json\/wp\/v2\/media?parent=26779"}],"curies":[{"name":"wp","href":"https:\/\/api.w.org\/{rel}","templated":true}]}}