{"id":26781,"date":"2021-10-08T18:49:03","date_gmt":"2021-10-08T11:49:03","guid":{"rendered":"https:\/\/onepiece.store\/?page_id=26781"},"modified":"2021-10-08T18:49:03","modified_gmt":"2021-10-08T11:49:03","slug":"shipping-delivery-policies","status":"publish","type":"page","link":"https:\/\/onepiece.store\/es\/envio-entrega-politicas\/","title":{"rendered":"Pol\u00edticas de env\u00edo y entrega"},"content":{"rendered":"<p><img fetchpriority=\"high\" decoding=\"async\" class=\"wp-image-25249 aligncenter\" src=\"https:\/\/onepiece.store\/wp-content\/uploads\/2021\/10\/Our-Partners-1.jpg\" alt=\"-\" width=\"609\" height=\"203\" title=\"-\"><\/p>\n<p><img decoding=\"async\" class=\"aligncenter wp-image-25246\" src=\"https:\/\/onepiece.store\/wp-content\/uploads\/2021\/10\/Our-Partners.jpg\" alt=\"-\" width=\"609\" height=\"203\" title=\"-\"><\/p>\n<p><span style=\"font-weight: 400;\">As\u00ed que ordenaste merchandising de fandom de <strong>TIENDA DE UNA PIEZA<\/strong><\/span><b>.<\/b><span style=\"font-weight: 400;\"> \u00a1Felicitaciones! \u00a1Un paquete s\u00faper incre\u00edble ahora est\u00e1 en camino hacia ti!<\/span><\/p>\n<p><span style=\"font-weight: 400;\">Gracias a nuestras incre\u00edbles asociaciones con androides alien\u00edgenas superinteligentes, nuestros socios de mensajer\u00eda, se garantiza que nuestras opciones de env\u00edo ser\u00e1n asequibles para usted.<\/span><\/p>\n<p><span style=\"font-weight: 400;\">No importa d\u00f3nde est\u00e9s tampoco: enviamos <\/span><b>globalmente<\/b><span style=\"font-weight: 400;\">, para que puedas disfrutar de nuestros productos exclusivos <\/span><i><span style=\"font-weight: 400;\">en cualquier lugar<\/span><\/i><span style=\"font-weight: 400;\"> est\u00e1s en el mundo (a menos, por supuesto, que vivas en otra dimensi\u00f3n o en una escuela de magia que no ser\u00e1 nombrada).<\/span><\/p>\n<p><strong>TIEMPO DE PROCESAMIENTO<\/strong><\/p>\n<p><span style=\"font-weight: 400;\">Somos una empresa de impresi\u00f3n bajo demanda, as\u00ed que perm\u00edtanos <\/span><b>3 a 5 d\u00edas h\u00e1biles de tiempo de procesamiento <\/b><span style=\"font-weight: 400;\">dependiendo del tipo de producto y nuestro volumen actual antes de que se env\u00ede su pedido. A nuestras ovejas de microfibra-poli\u00e9ster nos toma tiempo hacernos lana para producir incre\u00edbles productos personalizados que se ajusten a usted a la perfecci\u00f3n.<\/span><\/p>\n<p><span style=\"font-weight: 400;\">Los pedidos realizados durante d\u00edas festivos y fines de semana se procesar\u00e1n en los siguientes d\u00edas h\u00e1biles.<\/span><\/p>\n<p><span style=\"font-weight: 400;\">Tenga en cuenta que la entrega de pedidos con m\u00e1s de un art\u00edculo puede enviarse en diferentes fechas seg\u00fan la disponibilidad de stock.<\/span><\/p>\n<p><strong>ENV\u00cdO EST\u00c1NDAR<\/strong><\/p>\n<p><span style=\"font-weight: 400;\">Tiempo de env\u00edo para el pedido:<\/span><\/p>\n<ul>\n<li style=\"font-weight: 400;\" aria-level=\"1\"><span style=\"font-weight: 400;\">Normalmente, se tarda de 5 a 15 d\u00edas h\u00e1biles en entregar el paquete en EE. UU.<\/span><\/li>\n<li style=\"font-weight: 400;\" aria-level=\"1\"><span style=\"font-weight: 400;\">Para los clientes de otros pa\u00edses, espere entre 15 y 20 d\u00edas h\u00e1biles para el tiempo de env\u00edo.<\/span><\/li>\n<li style=\"font-weight: 400;\" aria-level=\"1\"><span style=\"font-weight: 400;\">Debido a la pandemia de Covid 19, el tiempo de env\u00edo puede demorar varios d\u00edas adicionales<\/span><\/li>\n<\/ul>\n<p><span style=\"font-weight: 400;\">** Tenga en cuenta tambi\u00e9n que durante las vacaciones del A\u00f1o Nuevo chino, se espera que los tiempos de env\u00edo se retrasen entre 5 y 7 d\u00edas h\u00e1biles. Pedimos disculpas por cualquier inconveniente que esto pueda causar.**<\/span><\/p>\n<p><span style=\"font-weight: 400;\">PROPORCIONAMOS OPCIONES EXPEDITAS PARA LOS CLIENTES. SOLO COMUN\u00cdQUESE CON NUESTRO PERSONAL DE APOYO A TRAV\u00c9S DEL CORREO ELECTR\u00d3NICO: <\/span><a href=\"mailto:contact@onepiece.store\"><span style=\"font-weight: 400;\">contact@onepiece.store<\/span><\/a><\/p>\n<p><span style=\"font-weight: 400;\">Y TE GUIAREMOS EN CONSECUENCIA. <\/span><\/p>","protected":false},"excerpt":{"rendered":"<p>So you ordered fandom merch from ONE PIECE STORE. Congrats! A super-awesome package is now on its way to you! Thanks to our incredible partnerships with super-intelligent alien androids our courier partners, our shipping options are guaranteed to be affordable to you. Doesn\u2019t matter where you are either: we ship globally, so you can enjoy [&hellip;]<\/p>","protected":false},"author":1,"featured_media":0,"parent":0,"menu_order":0,"comment_status":"closed","ping_status":"closed","template":"","meta":{"_acf_changed":false,"footnotes":""},"class_list":null,"acf":[],"_links":{"self":[{"href":"https:\/\/onepiece.store\/es\/wp-json\/wp\/v2\/pages\/26781","targetHints":{"allow":["GET"]}}],"collection":[{"href":"https:\/\/onepiece.store\/es\/wp-json\/wp\/v2\/pages"}],"about":[{"href":"https:\/\/onepiece.store\/es\/wp-json\/wp\/v2\/types\/page"}],"author":[{"embeddable":true,"href":"https:\/\/onepiece.store\/es\/wp-json\/wp\/v2\/users\/1"}],"replies":[{"embeddable":true,"href":"https:\/\/onepiece.store\/es\/wp-json\/wp\/v2\/comments?post=26781"}],"version-history":[{"count":0,"href":"https:\/\/onepiece.store\/es\/wp-json\/wp\/v2\/pages\/26781\/revisions"}],"wp:attachment":[{"href":"https:\/\/onepiece.store\/es\/wp-json\/wp\/v2\/media?parent=26781"}],"curies":[{"name":"wp","href":"https:\/\/api.w.org\/{rel}","templated":true}]}}