{"id":27101,"date":"2021-11-05T16:51:44","date_gmt":"2021-11-05T09:51:44","guid":{"rendered":"https:\/\/onepiece.store\/?page_id=27101"},"modified":"2021-11-05T16:51:44","modified_gmt":"2021-11-05T09:51:44","slug":"tracking-order","status":"publish","type":"page","link":"https:\/\/onepiece.store\/es\/orden-de-seguimiento\/","title":{"rendered":"Orden de seguimiento"},"content":{"rendered":"<!-- <h1 class=\"entry-title\">Tracking order<\/h1> -->\r\n\t<div class=\"woocommerce\">\r\n\t\t<form action=\"\" method=\"post\" class=\"woocommerce-form woocommerce-form-track-order track_order\" data-trp-original-action=\"\">\r\n\r\n\t\t\t<p>Para rastrear su pedido, ingrese su correo electr\u00f3nico de facturaci\u00f3n en el cuadro a continuaci\u00f3n y presione el bot\u00f3n &quot;Rastrear&quot;.<\/p>\r\n\r\n\t\t\t<!-- <p class=\"form-row form-row-first\"><label for=\"orderid\">Order ID<\/label> <input class=\"input-text\" type=\"text\" name=\"orderid\" id=\"orderid\" value=\"\" placeholder=\"Found in your order confirmation email.\"><\/p>\t -->\r\n\t\t\t<p class=\"form-row form-row-first\"><label style=\"font-weight: bold; font-size: 16px;\" for=\"order_email\">Correo Electr\u00f3nico de Facturas<\/label> <input class=\"input-text\" type=\"text\" name=\"order_email\" id=\"order_email\" value=\"\" placeholder=\"Correo electr\u00f3nico que utiliz\u00f3 durante el pago.\"><\/p>\t\r\n\t\t\t<div class=\"clear\"><\/div>\r\n\t\t\t<p class=\"form-row\"><button type=\"submit\" class=\"button portal-track\" name=\"track\" value=\"Track\">Pista<\/button><span class=\"portal_loading\"><\/span><\/p>\r\n\t\t\t<input type=\"hidden\" id=\"portal-order-tracking\" name=\"portal-order-tracking\" value=\"509814e83c\" \/><input type=\"hidden\" name=\"_wp_http_referer\" value=\"\/es\/wp-json\/wp\/v2\/pages\/27101\" \/>\t\t<input type=\"hidden\" name=\"trp-form-language\" value=\"es\"\/><\/form>\r\n\t\r\n\t<\/div>","protected":false},"excerpt":{"rendered":"","protected":false},"author":1,"featured_media":0,"parent":0,"menu_order":0,"comment_status":"closed","ping_status":"closed","template":"","meta":{"_acf_changed":false,"footnotes":""},"class_list":null,"acf":[],"_links":{"self":[{"href":"https:\/\/onepiece.store\/es\/wp-json\/wp\/v2\/pages\/27101","targetHints":{"allow":["GET"]}}],"collection":[{"href":"https:\/\/onepiece.store\/es\/wp-json\/wp\/v2\/pages"}],"about":[{"href":"https:\/\/onepiece.store\/es\/wp-json\/wp\/v2\/types\/page"}],"author":[{"embeddable":true,"href":"https:\/\/onepiece.store\/es\/wp-json\/wp\/v2\/users\/1"}],"replies":[{"embeddable":true,"href":"https:\/\/onepiece.store\/es\/wp-json\/wp\/v2\/comments?post=27101"}],"version-history":[{"count":0,"href":"https:\/\/onepiece.store\/es\/wp-json\/wp\/v2\/pages\/27101\/revisions"}],"wp:attachment":[{"href":"https:\/\/onepiece.store\/es\/wp-json\/wp\/v2\/media?parent=27101"}],"curies":[{"name":"wp","href":"https:\/\/api.w.org\/{rel}","templated":true}]}}