{"id":26774,"date":"2021-10-08T18:57:00","date_gmt":"2021-10-08T11:57:00","guid":{"rendered":"https:\/\/onepiece.store\/?page_id=26774"},"modified":"2021-10-08T18:57:00","modified_gmt":"2021-10-08T11:57:00","slug":"about-us","status":"publish","type":"page","link":"https:\/\/onepiece.store\/fr\/a-propos-de-nous\/","title":{"rendered":"\u00c0 propos de nous"},"content":{"rendered":"<p><span style=\"color: #000000;\"><span style=\"font-weight: 400;\">Ici \u00e0 <\/span><strong>MAGASIN D&#039;UNE PI\u00c8CE<\/strong><span style=\"font-weight: 400;\">, nous sommes obs\u00e9d\u00e9s par la cr\u00e9ation de choses qui VOUS obs\u00e8dent. Nous sommes l&#039;endroit id\u00e9al pour trouver des v\u00eatements et des produits d\u00e9riv\u00e9s en fonction de vos favoris <strong>MAGASIN D&#039;UNE PI\u00c8CE<\/strong><\/span><\/span><\/p>\n<p><span style=\"font-weight: 400; color: #000000;\">Mais nous ne sommes pas comme tous les autres magasins. Nous nous soucions \u00e9galement du c\u0153ur de notre m\u00e9tier : les Fans. Nous pensons que la connexion avec les fans nous donne encore plus d&#039;id\u00e9es que nous pouvons utiliser pour cr\u00e9er des objets encore plus incroyables que tout le monde adorera. <\/span><\/p>\n<p><span style=\"color: #000000;\"><b>De plus, cela garantit que chaque produit de notre magasin ne peut \u00eatre trouv\u00e9 nulle part ailleurs dans cet univers\u00a0!<\/b><\/span><\/p>\n<p><span style=\"color: #000000;\"><span style=\"font-weight: 400;\"><strong>MAGASIN D&#039;UNE PI\u00c8CE<\/strong> est une communaut\u00e9 ainsi qu&#039;un stand pour en finir avec les v\u00eatements et les d\u00e9corations ennuyeuses. Notre mission est de donner vie \u00e0 vos v\u00eatements et \u00e0 vos \u0153uvres d&#039;art, tout comme la fa\u00e7on dont ces \u00e9missions, films et jeux donnent vie \u00e0 votre existence quotidienne. <\/span><\/span><\/p>\n<p><span style=\"font-weight: 400; color: #000000;\">Que vous magasiniez pour vous-m\u00eame ou pour un \u00eatre cher, vous pouvez \u00eatre assur\u00e9 que nous sommes la bonne marque pour vous. Vous n&#039;obtenez pas seulement de superbes impressions, vous b\u00e9n\u00e9ficiez \u00e9galement d&#039;un excellent service client et d&#039;une fabrication de haute qualit\u00e9\u2026 \u00e0 chaque fois.<\/span><\/p>\n<p><span style=\"color: #000000;\"><em><span style=\"font-weight: 400;\">Bon shopping!<\/span><\/em><\/span><\/p>","protected":false},"excerpt":{"rendered":"<p>Here at ONE PIECE STORE, we&#8217;re obsessed in creating things that YOU are obsessed with. We&#8217;re the perfect place to find apparel and merch based on your favorite ONE PIECE STORE But we&#8217;re not just like every other store out there. We also care about the core of our business: the Fans. We believe that [&hellip;]<\/p>","protected":false},"author":1,"featured_media":0,"parent":0,"menu_order":0,"comment_status":"closed","ping_status":"closed","template":"","meta":{"_acf_changed":false,"footnotes":""},"class_list":["post-26774","page","type-page","status-publish","hentry"],"acf":[],"_links":{"self":[{"href":"https:\/\/onepiece.store\/fr\/wp-json\/wp\/v2\/pages\/26774","targetHints":{"allow":["GET"]}}],"collection":[{"href":"https:\/\/onepiece.store\/fr\/wp-json\/wp\/v2\/pages"}],"about":[{"href":"https:\/\/onepiece.store\/fr\/wp-json\/wp\/v2\/types\/page"}],"author":[{"embeddable":true,"href":"https:\/\/onepiece.store\/fr\/wp-json\/wp\/v2\/users\/1"}],"replies":[{"embeddable":true,"href":"https:\/\/onepiece.store\/fr\/wp-json\/wp\/v2\/comments?post=26774"}],"version-history":[{"count":0,"href":"https:\/\/onepiece.store\/fr\/wp-json\/wp\/v2\/pages\/26774\/revisions"}],"wp:attachment":[{"href":"https:\/\/onepiece.store\/fr\/wp-json\/wp\/v2\/media?parent=26774"}],"curies":[{"name":"wp","href":"https:\/\/api.w.org\/{rel}","templated":true}]}}