{"id":26781,"date":"2021-10-08T18:49:03","date_gmt":"2021-10-08T11:49:03","guid":{"rendered":"https:\/\/onepiece.store\/?page_id=26781"},"modified":"2021-10-08T18:49:03","modified_gmt":"2021-10-08T11:49:03","slug":"shipping-delivery-policies","status":"publish","type":"page","link":"https:\/\/onepiece.store\/fr\/shipping-delivery-policies\/","title":{"rendered":"Shipping &#038; Delivery Policies"},"content":{"rendered":"<p><img fetchpriority=\"high\" decoding=\"async\" class=\"wp-image-25249 aligncenter\" src=\"https:\/\/onepiece.store\/wp-content\/uploads\/2021\/10\/Our-Partners-1.jpg\" alt=\"-\" width=\"609\" height=\"203\" title=\"-\"><\/p>\n<p><img decoding=\"async\" class=\"aligncenter wp-image-25246\" src=\"https:\/\/onepiece.store\/wp-content\/uploads\/2021\/10\/Our-Partners.jpg\" alt=\"-\" width=\"609\" height=\"203\" title=\"-\"><\/p>\n<p><span style=\"font-weight: 400;\">So you ordered fandom merch from <strong>MAGASIN D&#039;UNE PI\u00c8CE<\/strong><\/span><b>.<\/b><span style=\"font-weight: 400;\"> Congrats! A super-awesome package is now on its way to you!<\/span><\/p>\n<p><span style=\"font-weight: 400;\">Thanks to our incredible partnerships with super-intelligent alien androids our courier partners, our shipping options are guaranteed to be affordable to you.<\/span><\/p>\n<p><span style=\"font-weight: 400;\">Doesn\u2019t matter where you are either: we ship <\/span><b>globally<\/b><span style=\"font-weight: 400;\">, so you can enjoy our exclusive products <\/span><i><span style=\"font-weight: 400;\">anywhere<\/span><\/i><span style=\"font-weight: 400;\"> you are in the world (unless, of course, you live in another dimension or in a school of magic that shall not be named).<\/span><\/p>\n<p><strong>TEMPS DE TRAITEMENT<\/strong><\/p>\n<p><span style=\"font-weight: 400;\">Nous sommes une entreprise d&#039;impression \u00e0 la demande, veuillez donc autoriser <\/span><b>3 \u00e0 5 jours ouvrables de temps de traitement <\/b><span style=\"font-weight: 400;\">en fonction du type de produit et de notre volume actuel avant l&#039;exp\u00e9dition de votre commande. Il faut du temps \u00e0 nos moutons en microfibre-polyester pour nous lainer afin de produire des produits personnalis\u00e9s incroyables qui vous conviennent parfaitement.<\/span><\/p>\n<p><span style=\"font-weight: 400;\">Les commandes pass\u00e9es pendant les jours f\u00e9ri\u00e9s et les week-ends seront trait\u00e9es dans les jours ouvrables suivants.<\/span><\/p>\n<p><span style=\"font-weight: 400;\">Veuillez noter que la livraison des commandes avec plus d&#039;un article peut \u00eatre exp\u00e9di\u00e9e \u00e0 des dates diff\u00e9rentes en fonction de la disponibilit\u00e9 des stocks.<\/span><\/p>\n<p><strong>EXP\u00c9DITION STANDARD<\/strong><\/p>\n<p><span style=\"font-weight: 400;\">D\u00e9lai d&#039;exp\u00e9dition pour la commande :<\/span><\/p>\n<ul>\n<li style=\"font-weight: 400;\" aria-level=\"1\"><span style=\"font-weight: 400;\">Normalement, il faut 5 \u00e0 15 jours ouvrables pour livrer le colis aux \u00c9tats-Unis.<\/span><\/li>\n<li style=\"font-weight: 400;\" aria-level=\"1\"><span style=\"font-weight: 400;\">Pour les clients d&#039;autres pays, veuillez pr\u00e9voir 15 \u00e0 20 jours ouvrables de d\u00e9lai d&#039;exp\u00e9dition.<\/span><\/li>\n<li style=\"font-weight: 400;\" aria-level=\"1\"><span style=\"font-weight: 400;\">En raison de la pand\u00e9mie de Covid 19, le d\u00e9lai de livraison peut prendre plusieurs jours suppl\u00e9mentaires<\/span><\/li>\n<\/ul>\n<p><span style=\"font-weight: 400;\">** Also note that during the Chinese New Year Holidays, shipping times are expected to be delayed by 5 &#8211; 7 working days. We apologize for any inconvenience this may cause.**<\/span><\/p>\n<p><span style=\"font-weight: 400;\">WE PROVIDE EXPEDITE OPTIONS FOR CUSTOMERS. JUST REACH OUT TO OUR SUPPORT STAFF THROUGH EMAIL: <\/span><a href=\"mailto:contact@onepiece.store\"><span style=\"font-weight: 400;\">contact@onepiece.store<\/span><\/a><\/p>\n<p><span style=\"font-weight: 400;\">AND WE WILL GUIDE YOU ACCORDINGLY. <\/span><\/p>","protected":false},"excerpt":{"rendered":"<p>So you ordered fandom merch from ONE PIECE STORE. Congrats! A super-awesome package is now on its way to you! Thanks to our incredible partnerships with super-intelligent alien androids our courier partners, our shipping options are guaranteed to be affordable to you. Doesn\u2019t matter where you are either: we ship globally, so you can enjoy [&hellip;]<\/p>","protected":false},"author":1,"featured_media":0,"parent":0,"menu_order":0,"comment_status":"closed","ping_status":"closed","template":"","meta":{"_acf_changed":false,"footnotes":""},"class_list":null,"acf":[],"_links":{"self":[{"href":"https:\/\/onepiece.store\/fr\/wp-json\/wp\/v2\/pages\/26781","targetHints":{"allow":["GET"]}}],"collection":[{"href":"https:\/\/onepiece.store\/fr\/wp-json\/wp\/v2\/pages"}],"about":[{"href":"https:\/\/onepiece.store\/fr\/wp-json\/wp\/v2\/types\/page"}],"author":[{"embeddable":true,"href":"https:\/\/onepiece.store\/fr\/wp-json\/wp\/v2\/users\/1"}],"replies":[{"embeddable":true,"href":"https:\/\/onepiece.store\/fr\/wp-json\/wp\/v2\/comments?post=26781"}],"version-history":[{"count":0,"href":"https:\/\/onepiece.store\/fr\/wp-json\/wp\/v2\/pages\/26781\/revisions"}],"wp:attachment":[{"href":"https:\/\/onepiece.store\/fr\/wp-json\/wp\/v2\/media?parent=26781"}],"curies":[{"name":"wp","href":"https:\/\/api.w.org\/{rel}","templated":true}]}}